{"id":2,"date":"2021-12-14T15:02:07","date_gmt":"2021-12-14T14:02:07","guid":{"rendered":"https:\/\/www.hokerumbygg.se\/haby100\/?page_id=2"},"modified":"2021-12-22T14:03:41","modified_gmt":"2021-12-22T13:03:41","slug":"exempelsida","status":"publish","type":"page","link":"https:\/\/www.hokerumbygg.se\/haby100\/","title":{"rendered":"H\u00e5by 100"},"content":{"rendered":"<div data-theme=\"white-rock\" class=\"hero is-style-higher mc mc--none lw lw--fw hero--image\"><div class=\"hero__container\"><div class=\"image image--horizontal ofi-holder\"><img decoding=\"async\" src=\"https:\/\/www.hokerumbygg.se\/haby100\/wp-content\/uploads\/sites\/20\/2021\/12\/Munkedal_hero_crop_webb.jpg\" alt=\"\"\/><\/div><\/div><\/div>\n\n<div id=\"oversikt\" class=\"project-header lw lw--fw\"> <div class=\"project-header__stationary\"> <div class=\"project-header__container lw lw--mw-cntnt-pd\"> <div class=\"project-header__logo\"> <img decoding=\"async\" src=\"https:\/\/www.hokerumbygg.se\/haby100\/wp-content\/uploads\/sites\/20\/2021\/12\/haby_u_text.jpg\" alt=\"Logotyp f\u00f6r H\u00e5by 100\"\/> <\/div> <div class=\"project-header__headings\"> <span class=\"project-header__geotag geotag\"> <span class=\"icon\"><svg aria-hidden=\"true\" focusable=\"false\"><use xlink:href=\"#icon-pin\"><\/use><\/svg><\/span> Munkedal <\/span> <h1 class=\"project-header__heading big-heading\">H\u00e5by 100<\/h1> <\/div> <div class=\"project-header__menu\"> <div class=\"project-header__menu-inner\"> <a href=\"#oversikt\" class=\"project-header__menu-item\"> <span class=\"icon project-header__menu-item-icon\"><svg aria-hidden=\"true\" focusable=\"false\"><use xlink:href=\"#icon-info\"><\/use><\/svg><\/span> <span class=\"project-header__menu-item-text\">\u00d6versikt<\/span> <\/a> <\/div> <\/div> <a title=\"Anm\u00e4l intresse!\" href=\"#intresseanmalan\" data-theme=\"totem-pole\" class=\"hb-button hb-button--filled hb-button--not-rounded hb-button--icon hb-button--icon-reversed hb-button--icon-bigger hb-button--icon project-header__featured_link\">Anm\u00e4l intresse!<span class=\"icon\"><svg aria-hidden=\"true\" focusable=\"false\"><use xlink:href=\"#icon-letter\"><\/use><\/svg><\/span><\/a> <\/div> <\/div> <\/div>\n      <div class=\"project-header__sticky\">\n        <div class=\"project-header__headings\">\n          <h1 class=\"project-header__heading big-heading\">H\u00e5by 100<\/h1>\n        <\/div>\n        <div class=\"project-header__menu\">\n          <div class=\"project-header__menu-inner\">\n            <a href=\"#oversikt\" class=\"project-header__menu-item\"> <span class=\"icon project-header__menu-item-icon\"><svg aria-hidden=\"true\" focusable=\"false\"><use xlink:href=\"#icon-info\"><\/use><\/svg><\/span> <span class=\"project-header__menu-item-text\">\u00d6versikt<\/span> <\/a>\n          <\/div>\n        <\/div>\n        <a title=\"Anm\u00e4l intresse!\" href=\"#intresseanmalan\" data-theme=\"totem-pole\" class=\"hb-button hb-button--filled hb-button--not-rounded hb-button--icon hb-button--icon-reversed hb-button--icon-bigger hb-button--icon project-header__featured_link\">Anm\u00e4l intresse!<span class=\"icon\"><svg aria-hidden=\"true\" focusable=\"false\"><use xlink:href=\"#icon-letter\"><\/use><\/svg><\/span><\/a>\n        \n      <\/div>\n    \n\n<div class=\"project-overview inner-blocks lw lw--mw-cntnt-pd\"><div class=\"overview-layout\"> <div class=\"overview-layout__content\"> <div class=\"overview-layout__content-inner blocks-wrapper\"> \n\n<h2 class=\"wp-block-heading\">H\u00c5BY 100 Handel- och logistikomr\u00e5de<\/h2>\n\n\n\n<p>H\u00f6kerum Bygg har f\u00f6rv\u00e4rvat 170 000 kvm mark p\u00e5 b\u00e4sta l\u00e4ge vid E6 i Munkedals kommun norr om Uddevalla och h\u00e4r ska ett handel och logistikomr\u00e5de utvecklas. Marken som ligger vid avfart 100 l\u00e4ngs med E6 norrut \u00e4r detaljplanerad och ligger i direkt anslutning till Mc Donalds som redan \u00e4r etablerat.<\/p>\n\n\n\n<p>L\u00e4get har m\u00e5nga f\u00f6rdelar och H\u00f6kerum Bygg vill utveckla omr\u00e5det med handelsetableringar och logistikverksamhet. Det finns f\u00f6rslag till m\u00e5nga verksamheter i omr\u00e5det, handel med bilar, b\u00e5tar, husvagnar och husbilar. Men \u00e4ven verksamhet med drivmedel och laddningsstationer, restauranger, bygghandel, l\u00e5gprishandel, detaljhandel och dagligvaruhandel finns med i planeringen.<\/p>\n\n <\/div> <\/div> <div class=\"overview-layout__sidebar\"> <\/div> <\/div><\/div>\n\n<div data-theme=\"default\" class=\"hero lw lw--fw hero--image\"><div class=\"hero__container\"><div class=\"image image--horizontal ofi-holder\"><img decoding=\"async\" src=\"https:\/\/www.hokerumbygg.se\/haby100\/wp-content\/uploads\/sites\/20\/2021\/12\/Haby100_flygbild_webb.jpg\" alt=\"\"\/><\/div><\/div><\/div>\n\n<div data-theme=\"white-rock\" class=\"hammer-cta lw lw--mw-cntnt-pd\"> <div class=\"hammer-cta__inner\"> <div class=\"hammer-cta__head\"> <div class=\"image image--horizontal ofi-holder hammer-cta__image\"><img decoding=\"async\" class=\"lazy-image-full js-lazy-image\" src=\"\" data-src=\"https:\/\/www.hokerumbygg.se\/haby100\/wp-content\/uploads\/sites\/20\/2021\/12\/Savja-web-07190_webb-1280x771.jpg\" data-srcset=\"https:\/\/www.hokerumbygg.se\/haby100\/wp-content\/uploads\/sites\/20\/2021\/12\/Savja-web-07190_webb-1280x771.jpg 1280w, https:\/\/www.hokerumbygg.se\/haby100\/wp-content\/uploads\/sites\/20\/2021\/12\/Savja-web-07190_webb-375x226.jpg 375w, https:\/\/www.hokerumbygg.se\/haby100\/wp-content\/uploads\/sites\/20\/2021\/12\/Savja-web-07190_webb-150x90.jpg 150w, https:\/\/www.hokerumbygg.se\/haby100\/wp-content\/uploads\/sites\/20\/2021\/12\/Savja-web-07190_webb-768x463.jpg 768w, https:\/\/www.hokerumbygg.se\/haby100\/wp-content\/uploads\/sites\/20\/2021\/12\/Savja-web-07190_webb-1536x925.jpg 1536w, https:\/\/www.hokerumbygg.se\/haby100\/wp-content\/uploads\/sites\/20\/2021\/12\/Savja-web-07190_webb.jpg 1977w\" sizes=\"(max-width: 1280px) 100vw, 1280px\" alt=\"\"\/><img decoding=\"async\" class=\"lazy-image-preview lazy-image-preview--lazy-not-loaded js-preview-image\" src=\"https:\/\/www.hokerumbygg.se\/haby100\/wp-content\/uploads\/sites\/20\/2021\/12\/Savja-web-07190_webb-150x90.jpg\" alt=\"\"\/><\/div> <\/div> <div class=\"hammer-cta__handle\"> <div class=\"hammer-cta__content\"> <h2>Nyfiken p\u00e5 H\u00f6kerum Bygg?<\/h2><p>Se ett urval av referensprojekt<br \/>p\u00e5 bostads- och entreprenadsidan<\/p> <div class=\"hammer-cta__link-container\"> <p><a title=\"L\u00e4s mer\" href=\"https:\/\/www.hokerumbygg.se\/entreprenad\/\" data-theme=\"default\" class=\"hb-button hb-button--icon hammer-cta__button\">L\u00e4s mer<span class=\"icon\"><svg aria-hidden=\"true\" focusable=\"false\"><use xlink:href=\"#icon-arrow\"><\/use><\/svg><\/span><\/a><\/p> <\/div> <\/div> <\/div> <\/div> <\/div>\n\n\n<h2 class=\"has-text-align-center is-style-big wp-block-heading\">Karta<\/h2>\n\n\n<div data-aspect-ratio=\"16:9\" class=\"iframe-embed lw lw--mw-cntnt-pd\"> <div class=\"iframe-embed__inner js-iframe-embed\"> <iframe src=\"https:\/\/www.google.com\/maps\/embed?pb=!1m18!1m12!1m3!1d2085.2146833985594!2d11.613770952046387!3d58.49089898128197!2m3!1f0!2f0!3f0!3m2!1i1024!2i768!4f13.1!3m3!1m2!1s0x0%3A0xb3cfb1d652150cde!2zNTjCsDI5JzI3LjIiTiAxMcKwMzYnNTcuNSJF!5e0!3m2!1ssv!2sse!4v1639492500788!5m2!1ssv!2sse\" width=\"600\" height=\"450\" style=\"border:0;\" allowfullscreen=\"\" loading=\"lazy\"><\/iframe> <\/div> <\/div>\n\n<div id=\"intresseanmalan\" class=\"contact-form lw lw--mw-txt\"> <h2 class=\"contact-form__heading is-style-big\">Intresseanm\u00e4lan<\/h2> <div class=\"contact-form__text\">L\u00e5ter H\u00c5BY 100 som n\u00e5got f\u00f6r er? Anm\u00e4l erat intresse h\u00e4r s\u00e5 h\u00f6r vi av oss inom kort. <\/div> <div class=\"contact-form__form\"><div class=\"wpcf7 no-js\" id=\"wpcf7-f10-o1\" lang=\"sv-SE\" dir=\"ltr\" data-wpcf7-id=\"10\"><div class=\"screen-reader-response\"><p role=\"status\" aria-live=\"polite\" aria-atomic=\"true\"><\/p> <ul><\/ul><\/div><form action=\"\/haby100\/wp-json\/wp\/v2\/pages\/2#wpcf7-f10-o1\" method=\"post\" class=\"wpcf7-form init wpcf7-acceptance-as-validation\" aria-label=\"Kontaktformul\u00e4r\" novalidate=\"novalidate\" data-status=\"init\"><fieldset class=\"hidden-fields-container\"><input type=\"hidden\" name=\"_wpcf7\" value=\"10\" \/><input type=\"hidden\" name=\"_wpcf7_version\" value=\"6.1.5\" \/><input type=\"hidden\" name=\"_wpcf7_locale\" value=\"sv_SE\" \/><input type=\"hidden\" name=\"_wpcf7_unit_tag\" value=\"wpcf7-f10-o1\" \/><input type=\"hidden\" name=\"_wpcf7_container_post\" value=\"0\" \/><input type=\"hidden\" name=\"_wpcf7_posted_data_hash\" value=\"\" \/><\/fieldset><div class=\"wpcf7-turnstile cf-turnstile\" data-sitekey=\"0x4AAAAAABoedGnJxCVdwDOR\" data-response-field-name=\"_wpcf7_turnstile_response\"><\/div><h3>Vad \u00e4r du intresserad av?<\/h3><div class=\"select-wrapper\"><select name=\"hb_interest_select\"><optgroup label=\"Allm\u00e4nt\"><option value=\"Generell intresseanm\u00e4lan\">Generell intresseanm\u00e4lan<\/option><\/optgroup><\/select><\/div><h3>Kontaktuppgifter<\/h3><p><label>F\u00f6rnamn*<span class=\"wpcf7-form-control-wrap\" data-name=\"firstname\"><input size=\"40\" maxlength=\"400\" class=\"wpcf7-form-control wpcf7-text wpcf7-validates-as-required\" aria-required=\"true\" aria-invalid=\"false\" value=\"\" type=\"text\" name=\"firstname\" \/><\/span><br \/><\/label><\/p><p><label>Efternamn*<span class=\"wpcf7-form-control-wrap\" data-name=\"lastname\"><input size=\"40\" maxlength=\"400\" class=\"wpcf7-form-control wpcf7-text wpcf7-validates-as-required\" aria-required=\"true\" aria-invalid=\"false\" value=\"\" type=\"text\" name=\"lastname\" \/><\/span><br \/><\/label><\/p><p><label>E-postadress*<span class=\"wpcf7-form-control-wrap\" data-name=\"your_email\"><input size=\"40\" maxlength=\"400\" class=\"wpcf7-form-control wpcf7-email wpcf7-validates-as-required wpcf7-text wpcf7-validates-as-email\" aria-required=\"true\" aria-invalid=\"false\" value=\"\" type=\"email\" name=\"your_email\" \/><\/span><br \/><\/label><\/p><p><label>Telefonnummer (valfri)<span class=\"wpcf7-form-control-wrap\" data-name=\"your_tel\"><input size=\"40\" maxlength=\"400\" class=\"wpcf7-form-control wpcf7-tel wpcf7-text wpcf7-validates-as-tel\" aria-invalid=\"false\" value=\"\" type=\"tel\" name=\"your_tel\" \/><\/span><br \/><\/label><\/p><p><label>Meddelande (valfri)<span class=\"wpcf7-form-control-wrap\" data-name=\"your_message\"><textarea cols=\"40\" rows=\"10\" maxlength=\"2000\" class=\"wpcf7-form-control wpcf7-textarea\" aria-invalid=\"false\" name=\"your_message\"><\/textarea><\/span><br \/><\/label><\/p><p><span id=\"wpcf7-69e74eaf6439b-wrapper\" class=\"wpcf7-form-control-wrap website-wrap\" ><label for=\"wpcf7-69e74eaf6439b-field\" class=\"hp-message\">L\u00e4mna detta f\u00e4lt tomt.<\/label><input id=\"wpcf7-69e74eaf6439b-field\" class=\"wpcf7-form-control wpcf7-text\" type=\"text\" name=\"website\" value=\"\" size=\"40\" tabindex=\"-1\" autocomplete=\"new-password\" \/><\/span><span class=\"wpcf7-form-control-wrap\" data-name=\"terms_acceptance\"><span class=\"wpcf7-form-control wpcf7-acceptance\"><span class=\"wpcf7-list-item\"><label><input type=\"checkbox\" name=\"terms_acceptance\" value=\"1\" aria-invalid=\"false\" \/><span class=\"wpcf7-list-item-label\">Jag samtycker till att H\u00f6kerum Bygg och m\u00e4klare f\u00f6r detta projekt sparar mina uppgifter f\u00f6r framtida uppf\u00f6ljning. F\u00f6r avregistrering kontakta <a href=\"mailto:personuppgift@hokerumbygg.se\">personuppgift@hokerumbygg.se<\/a>. L\u00e4s mer om hur vi hanterar personuppgifter i v\u00e5r <a href=\"https:\/\/www.hokerumbygg.se\/integritetspolicy\/\">integritetspolicy<\/a><\/span><\/label><\/span><\/span><\/span><\/p><p><input class=\"wpcf7-form-control wpcf7-submit has-spinner hb-button hb-button--filled\" type=\"submit\" value=\"Skicka\" \/><\/p> <div class=\"powered-by-google-recaptcha\"> Denna webbplats \u00e4r skyddad med reCAPTCHA och Googles <a href=\"https:\/\/policies.google.com\/privacy\" target=\"_blank\" rel=\"noopener nofollow\">integritetspolicy<\/a> och <a href=\"https:\/\/policies.google.com\/terms\" target=\"_blank\" rel=\"noopener nofollow\">anv\u00e4ndarvillkor<\/a> g\u00e4ller. <\/div> <div class=\"wpcf7-response-output\" aria-hidden=\"true\"><\/div><\/form><\/div><\/div> <\/div>\n\n<div class=\"hb-button-holder aligncenter lw lw--mw-txt\"><a title=\"TILL TOPPEN\" href=\"#oversikt\" data-theme=\"default\" class=\"hb-button hb-button--icon\">TILL TOPPEN<span class=\"icon\"><svg aria-hidden=\"true\" focusable=\"false\"><use xlink:href=\"#icon-arrow\"><\/use><\/svg><\/span><\/a><\/div>","protected":false},"excerpt":{"rendered":"<p>H\u00c5BY 100 Handel- och logistikomr\u00e5de H\u00f6kerum Bygg har f\u00f6rv\u00e4rvat 170 000 kvm mark p\u00e5 b\u00e4sta l\u00e4ge vid E6 i Munkedals[&#8230;]<\/p>\n","protected":false},"author":2,"featured_media":8,"parent":0,"menu_order":0,"comment_status":"closed","ping_status":"open","template":"","meta":{"_acf_changed":false,"inline_featured_image":false,"footnotes":""},"class_list":["post-2","page","type-page","status-publish","has-post-thumbnail","hentry"],"acf":[],"yoast_head":"<!-- This site is optimized with the Yoast SEO plugin v27.4 - https:\/\/yoast.com\/product\/yoast-seo-wordpress\/ -->\n<title>H\u00e5by 100 - handel och logestik i Munkedal - H\u00f6kerum Bygg<\/title>\n<meta name=\"robots\" content=\"index, follow, max-snippet:-1, max-image-preview:large, max-video-preview:-1\" \/>\n<link rel=\"canonical\" href=\"https:\/\/www.hokerumbygg.se\/haby100\/\" \/>\n<meta property=\"og:locale\" content=\"sv_SE\" \/>\n<meta property=\"og:type\" content=\"article\" \/>\n<meta property=\"og:title\" content=\"H\u00e5by 100 - handel och logestik i Munkedal - H\u00f6kerum Bygg\" \/>\n<meta property=\"og:description\" content=\"H\u00c5BY 100 Handel- och logistikomr\u00e5de H\u00f6kerum Bygg har f\u00f6rv\u00e4rvat 170 000 kvm mark p\u00e5 b\u00e4sta l\u00e4ge vid E6 i Munkedals[...]\" \/>\n<meta property=\"og:url\" content=\"https:\/\/www.hokerumbygg.se\/haby100\/\" \/>\n<meta property=\"og:site_name\" content=\"H\u00e5by 100\" \/>\n<meta property=\"article:modified_time\" content=\"2021-12-22T13:03:41+00:00\" \/>\n<meta property=\"og:image\" content=\"https:\/\/www.hokerumbygg.se\/haby100\/wp-content\/uploads\/sites\/20\/2021\/12\/Hero_haby100_webb.jpg\" \/>\n\t<meta property=\"og:image:width\" content=\"1919\" \/>\n\t<meta property=\"og:image:height\" content=\"841\" \/>\n\t<meta property=\"og:image:type\" content=\"image\/jpeg\" \/>\n<meta name=\"twitter:card\" content=\"summary_large_image\" \/>\n<meta name=\"twitter:label1\" content=\"Ber\u00e4knad l\u00e4stid\" \/>\n\t<meta name=\"twitter:data1\" content=\"1 minut\" \/>\n<script type=\"application\/ld+json\" class=\"yoast-schema-graph\">{\"@context\":\"https:\\\/\\\/schema.org\",\"@graph\":[{\"@type\":\"WebPage\",\"@id\":\"https:\\\/\\\/www.hokerumbygg.se\\\/haby100\\\/\",\"url\":\"https:\\\/\\\/www.hokerumbygg.se\\\/haby100\\\/\",\"name\":\"H\u00e5by 100 - handel och logestik i Munkedal - H\u00f6kerum Bygg\",\"isPartOf\":{\"@id\":\"https:\\\/\\\/www.hokerumbygg.se\\\/haby100\\\/#website\"},\"primaryImageOfPage\":{\"@id\":\"https:\\\/\\\/www.hokerumbygg.se\\\/haby100\\\/#primaryimage\"},\"image\":{\"@id\":\"https:\\\/\\\/www.hokerumbygg.se\\\/haby100\\\/#primaryimage\"},\"thumbnailUrl\":\"https:\\\/\\\/www.hokerumbygg.se\\\/haby100\\\/wp-content\\\/uploads\\\/sites\\\/20\\\/2021\\\/12\\\/Hero_haby100_webb.jpg\",\"datePublished\":\"2021-12-14T14:02:07+00:00\",\"dateModified\":\"2021-12-22T13:03:41+00:00\",\"breadcrumb\":{\"@id\":\"https:\\\/\\\/www.hokerumbygg.se\\\/haby100\\\/#breadcrumb\"},\"inLanguage\":\"sv-SE\",\"potentialAction\":[{\"@type\":\"ReadAction\",\"target\":[\"https:\\\/\\\/www.hokerumbygg.se\\\/haby100\\\/\"]}]},{\"@type\":\"ImageObject\",\"inLanguage\":\"sv-SE\",\"@id\":\"https:\\\/\\\/www.hokerumbygg.se\\\/haby100\\\/#primaryimage\",\"url\":\"https:\\\/\\\/www.hokerumbygg.se\\\/haby100\\\/wp-content\\\/uploads\\\/sites\\\/20\\\/2021\\\/12\\\/Hero_haby100_webb.jpg\",\"contentUrl\":\"https:\\\/\\\/www.hokerumbygg.se\\\/haby100\\\/wp-content\\\/uploads\\\/sites\\\/20\\\/2021\\\/12\\\/Hero_haby100_webb.jpg\",\"width\":1919,\"height\":841},{\"@type\":\"BreadcrumbList\",\"@id\":\"https:\\\/\\\/www.hokerumbygg.se\\\/haby100\\\/#breadcrumb\",\"itemListElement\":[{\"@type\":\"ListItem\",\"position\":1,\"name\":\"H\u00e5by 100\",\"item\":\"https:\\\/\\\/www.hokerumbygg.se\\\/haby100\\\/\"},{\"@type\":\"ListItem\",\"position\":2,\"name\":\"H\u00e5by 100\"}]},{\"@type\":\"WebSite\",\"@id\":\"https:\\\/\\\/www.hokerumbygg.se\\\/haby100\\\/#website\",\"url\":\"https:\\\/\\\/www.hokerumbygg.se\\\/haby100\\\/\",\"name\":\"H\u00e5by 100\",\"description\":\"\",\"potentialAction\":[{\"@type\":\"SearchAction\",\"target\":{\"@type\":\"EntryPoint\",\"urlTemplate\":\"https:\\\/\\\/www.hokerumbygg.se\\\/haby100\\\/?s={search_term_string}\"},\"query-input\":{\"@type\":\"PropertyValueSpecification\",\"valueRequired\":true,\"valueName\":\"search_term_string\"}}],\"inLanguage\":\"sv-SE\"}]}<\/script>\n<!-- \/ Yoast SEO plugin. -->","yoast_head_json":{"title":"H\u00e5by 100 - handel och logestik i Munkedal - H\u00f6kerum Bygg","robots":{"index":"index","follow":"follow","max-snippet":"max-snippet:-1","max-image-preview":"max-image-preview:large","max-video-preview":"max-video-preview:-1"},"canonical":"https:\/\/www.hokerumbygg.se\/haby100\/","og_locale":"sv_SE","og_type":"article","og_title":"H\u00e5by 100 - handel och logestik i Munkedal - H\u00f6kerum Bygg","og_description":"H\u00c5BY 100 Handel- och logistikomr\u00e5de H\u00f6kerum Bygg har f\u00f6rv\u00e4rvat 170 000 kvm mark p\u00e5 b\u00e4sta l\u00e4ge vid E6 i Munkedals[...]","og_url":"https:\/\/www.hokerumbygg.se\/haby100\/","og_site_name":"H\u00e5by 100","article_modified_time":"2021-12-22T13:03:41+00:00","og_image":[{"width":1919,"height":841,"url":"https:\/\/www.hokerumbygg.se\/haby100\/wp-content\/uploads\/sites\/20\/2021\/12\/Hero_haby100_webb.jpg","type":"image\/jpeg"}],"twitter_card":"summary_large_image","twitter_misc":{"Ber\u00e4knad l\u00e4stid":"1 minut"},"schema":{"@context":"https:\/\/schema.org","@graph":[{"@type":"WebPage","@id":"https:\/\/www.hokerumbygg.se\/haby100\/","url":"https:\/\/www.hokerumbygg.se\/haby100\/","name":"H\u00e5by 100 - handel och logestik i Munkedal - H\u00f6kerum Bygg","isPartOf":{"@id":"https:\/\/www.hokerumbygg.se\/haby100\/#website"},"primaryImageOfPage":{"@id":"https:\/\/www.hokerumbygg.se\/haby100\/#primaryimage"},"image":{"@id":"https:\/\/www.hokerumbygg.se\/haby100\/#primaryimage"},"thumbnailUrl":"https:\/\/www.hokerumbygg.se\/haby100\/wp-content\/uploads\/sites\/20\/2021\/12\/Hero_haby100_webb.jpg","datePublished":"2021-12-14T14:02:07+00:00","dateModified":"2021-12-22T13:03:41+00:00","breadcrumb":{"@id":"https:\/\/www.hokerumbygg.se\/haby100\/#breadcrumb"},"inLanguage":"sv-SE","potentialAction":[{"@type":"ReadAction","target":["https:\/\/www.hokerumbygg.se\/haby100\/"]}]},{"@type":"ImageObject","inLanguage":"sv-SE","@id":"https:\/\/www.hokerumbygg.se\/haby100\/#primaryimage","url":"https:\/\/www.hokerumbygg.se\/haby100\/wp-content\/uploads\/sites\/20\/2021\/12\/Hero_haby100_webb.jpg","contentUrl":"https:\/\/www.hokerumbygg.se\/haby100\/wp-content\/uploads\/sites\/20\/2021\/12\/Hero_haby100_webb.jpg","width":1919,"height":841},{"@type":"BreadcrumbList","@id":"https:\/\/www.hokerumbygg.se\/haby100\/#breadcrumb","itemListElement":[{"@type":"ListItem","position":1,"name":"H\u00e5by 100","item":"https:\/\/www.hokerumbygg.se\/haby100\/"},{"@type":"ListItem","position":2,"name":"H\u00e5by 100"}]},{"@type":"WebSite","@id":"https:\/\/www.hokerumbygg.se\/haby100\/#website","url":"https:\/\/www.hokerumbygg.se\/haby100\/","name":"H\u00e5by 100","description":"","potentialAction":[{"@type":"SearchAction","target":{"@type":"EntryPoint","urlTemplate":"https:\/\/www.hokerumbygg.se\/haby100\/?s={search_term_string}"},"query-input":{"@type":"PropertyValueSpecification","valueRequired":true,"valueName":"search_term_string"}}],"inLanguage":"sv-SE"}]}},"_links":{"self":[{"href":"https:\/\/www.hokerumbygg.se\/haby100\/wp-json\/wp\/v2\/pages\/2","targetHints":{"allow":["GET"]}}],"collection":[{"href":"https:\/\/www.hokerumbygg.se\/haby100\/wp-json\/wp\/v2\/pages"}],"about":[{"href":"https:\/\/www.hokerumbygg.se\/haby100\/wp-json\/wp\/v2\/types\/page"}],"author":[{"embeddable":true,"href":"https:\/\/www.hokerumbygg.se\/haby100\/wp-json\/wp\/v2\/users\/2"}],"replies":[{"embeddable":true,"href":"https:\/\/www.hokerumbygg.se\/haby100\/wp-json\/wp\/v2\/comments?post=2"}],"version-history":[{"count":9,"href":"https:\/\/www.hokerumbygg.se\/haby100\/wp-json\/wp\/v2\/pages\/2\/revisions"}],"predecessor-version":[{"id":34,"href":"https:\/\/www.hokerumbygg.se\/haby100\/wp-json\/wp\/v2\/pages\/2\/revisions\/34"}],"wp:featuredmedia":[{"embeddable":true,"href":"https:\/\/www.hokerumbygg.se\/haby100\/wp-json\/wp\/v2\/media\/8"}],"wp:attachment":[{"href":"https:\/\/www.hokerumbygg.se\/haby100\/wp-json\/wp\/v2\/media?parent=2"}],"curies":[{"name":"wp","href":"https:\/\/api.w.org\/{rel}","templated":true}]}}