{"id":1800,"date":"2025-06-05T10:36:19","date_gmt":"2025-06-05T08:36:19","guid":{"rendered":"https:\/\/www.hokerumbygg.se\/st-jorgen\/?page_id=1800"},"modified":"2025-06-05T11:55:57","modified_gmt":"2025-06-05T09:55:57","slug":"boka-bostad","status":"publish","type":"page","link":"https:\/\/www.hokerumbygg.se\/st-jorgen\/boka-bostad\/","title":{"rendered":"Boka bostad"},"content":{"rendered":"<div data-theme=\"default\" class=\"hero is-style-standard lw lw--fw hero--no-media\"><div class=\"hero__container\"> <div class=\"hero__content-holder\"> <div class=\"hero__content\"> <span class=\"hero__kicker\">St J\u00f6rgen<\/span> <h1>Boka bostad<\/h1> <\/div> <\/div> <\/div><div class=\"breadcrumbs\"><span><span><a href=\"https:\/\/www.hokerumbygg.se\/st-jorgen\/\">St J\u00f6rgen<\/a><\/span><\/span><\/div><\/div>\n\n<div class=\"contact-form lw lw--mw-txt\"> <h2 class=\"contact-form__heading is-style-big\">Anm\u00e4l ditt intresse f\u00f6r att boka en bostad<\/h2> <div class=\"contact-form__text\">Nu kan du anm\u00e4la ditt intresse f\u00f6r att teckna f\u00f6rhandsavtal p\u00e5 en specifik bostad i Brf Sankt J\u00f6rgens Hus. Fyll i dina kontaktuppgifter och ange vilken l\u00e4genhet du \u00f6nskar boka i formul\u00e4ret nedan.\nObservera att det \u00e4r viktigt att du \u00e4r tillg\u00e4nglig p\u00e5 de telefonnummer du l\u00e4mnar, d\u00e5 vi kontaktar intressenter i den ordning anm\u00e4lningarna kommer in.<\/div> <div class=\"contact-form__form\"><div class=\"wpcf7 no-js\" id=\"wpcf7-f1802-o1\" lang=\"sv-SE\" dir=\"ltr\" data-wpcf7-id=\"1802\"><div class=\"screen-reader-response\"><p role=\"status\" aria-live=\"polite\" aria-atomic=\"true\"><\/p> <ul><\/ul><\/div><form action=\"\/st-jorgen\/wp-json\/wp\/v2\/pages\/1800#wpcf7-f1802-o1\" method=\"post\" class=\"wpcf7-form init\" aria-label=\"Kontaktformul\u00e4r\" novalidate=\"novalidate\" data-status=\"init\"><fieldset class=\"hidden-fields-container\"><input type=\"hidden\" name=\"_wpcf7\" value=\"1802\" \/><input type=\"hidden\" name=\"_wpcf7_version\" value=\"6.1.5\" \/><input type=\"hidden\" name=\"_wpcf7_locale\" value=\"sv_SE\" \/><input type=\"hidden\" name=\"_wpcf7_unit_tag\" value=\"wpcf7-f1802-o1\" \/><input type=\"hidden\" name=\"_wpcf7_container_post\" value=\"0\" \/><input type=\"hidden\" name=\"_wpcf7_posted_data_hash\" value=\"\" \/><\/fieldset><div class=\"wpcf7-turnstile cf-turnstile\" data-sitekey=\"0x4AAAAAABoedGnJxCVdwDOR\" data-response-field-name=\"_wpcf7_turnstile_response\"><\/div><h3>Bokningsformul\u00e4r<\/h3><p><label>F\u00f6rnamn*<span class=\"wpcf7-form-control-wrap\" data-name=\"firstname\"><input size=\"40\" maxlength=\"400\" class=\"wpcf7-form-control wpcf7-text wpcf7-validates-as-required\" aria-required=\"true\" aria-invalid=\"false\" value=\"\" type=\"text\" name=\"firstname\" \/><\/span><br \/><\/label><\/p><p><label>Efternamn*<span class=\"wpcf7-form-control-wrap\" data-name=\"lastname\"><input size=\"40\" maxlength=\"400\" class=\"wpcf7-form-control wpcf7-text wpcf7-validates-as-required\" aria-required=\"true\" aria-invalid=\"false\" value=\"\" type=\"text\" name=\"lastname\" \/><\/span><br \/><\/label><\/p><p><label>E-postadress*<span class=\"wpcf7-form-control-wrap\" data-name=\"your_email\"><input size=\"40\" maxlength=\"400\" class=\"wpcf7-form-control wpcf7-email wpcf7-validates-as-required wpcf7-text wpcf7-validates-as-email\" aria-required=\"true\" aria-invalid=\"false\" value=\"\" type=\"email\" name=\"your_email\" \/><\/span><br \/><\/label><\/p><p><label>Telefonnummer* <span class=\"wpcf7-form-control-wrap\" data-name=\"your_tel\"><input size=\"40\" maxlength=\"400\" class=\"wpcf7-form-control wpcf7-tel wpcf7-text wpcf7-validates-as-tel\" aria-invalid=\"false\" value=\"\" type=\"tel\" name=\"your_tel\" \/><\/span><br \/><\/label><\/p><p><label>Alternativ 1* <span class=\"wpcf7-form-control-wrap\" data-name=\"Alternativ1\"><input size=\"40\" maxlength=\"400\" class=\"wpcf7-form-control wpcf7-text wpcf7-validates-as-required\" aria-required=\"true\" aria-invalid=\"false\" value=\"\" type=\"text\" name=\"Alternativ1\" \/><\/span><br \/><\/label><\/p><p><label>Alternativ 2 <span class=\"wpcf7-form-control-wrap\" data-name=\"Alternativ2\"><input size=\"40\" maxlength=\"400\" class=\"wpcf7-form-control wpcf7-text\" aria-invalid=\"false\" value=\"\" type=\"text\" name=\"Alternativ2\" \/><\/span><br \/><\/label><\/p><p><label>Alternativ 3 <span class=\"wpcf7-form-control-wrap\" data-name=\"Alternativ3\"><input size=\"40\" maxlength=\"400\" class=\"wpcf7-form-control wpcf7-text\" aria-invalid=\"false\" value=\"\" type=\"text\" name=\"Alternativ3\" \/><\/span><br \/><\/label><\/p><p><label>Meddelande <span class=\"wpcf7-form-control-wrap\" data-name=\"your_message\"><textarea cols=\"40\" rows=\"10\" maxlength=\"2000\" class=\"wpcf7-form-control wpcf7-textarea\" aria-invalid=\"false\" name=\"your_message\"><\/textarea><\/span><br \/><\/label><\/p><p><span id=\"wpcf7-69f4d907d97b8-wrapper\" class=\"wpcf7-form-control-wrap website-wrap\" ><label for=\"wpcf7-69f4d907d97b8-field\" class=\"hp-message\">L\u00e4mna detta f\u00e4lt tomt.<\/label><input id=\"wpcf7-69f4d907d97b8-field\" class=\"wpcf7-form-control wpcf7-text\" type=\"text\" name=\"website\" value=\"\" size=\"40\" tabindex=\"-1\" autocomplete=\"new-password\" \/><\/span><span class=\"wpcf7-form-control-wrap\" data-name=\"terms_acceptance\"><span class=\"wpcf7-form-control wpcf7-acceptance\"><span class=\"wpcf7-list-item\"><label><input type=\"checkbox\" name=\"terms_acceptance\" value=\"1\" aria-invalid=\"false\" \/><span class=\"wpcf7-list-item-label\">Jag samtycker till att H\u00f6kerum Bygg och m\u00e4klare f\u00f6r detta projekt sparar mina uppgifter f\u00f6r framtida uppf\u00f6ljning. F\u00f6r avregistrering kontakta <a href=\"mailto:personuppgift@hokerumbygg.se\">personuppgift@hokerumbygg.se<\/a>. L\u00e4s mer om hur vi hanterar personuppgifter i v\u00e5r <a href=\"https:\/\/www.hokerumbygg.se\/integritetspolicy\/\">integritetspolicy<\/a><\/span><\/label><\/span><\/span><\/span><\/p><p><input type=\"hidden\" name=\"hb_post_title\" value=\"Boka bostad\"><input type=\"hidden\" name=\"hb_post_url\" value=\"https:\/\/www.hokerumbygg.se\/st-jorgen\/boka-bostad\/\"><input class=\"wpcf7-form-control wpcf7-submit has-spinner hb-button hb-button--filled\" type=\"submit\" value=\"Skicka\" \/><\/p> <div class=\"powered-by-google-recaptcha\"> Denna webbplats \u00e4r skyddad med reCAPTCHA och Googles <a href=\"https:\/\/policies.google.com\/privacy\" target=\"_blank\" rel=\"noopener nofollow\">integritetspolicy<\/a> och <a href=\"https:\/\/policies.google.com\/terms\" target=\"_blank\" rel=\"noopener nofollow\">anv\u00e4ndarvillkor<\/a> g\u00e4ller. <\/div> <div class=\"wpcf7-response-output\" aria-hidden=\"true\"><\/div><\/form><\/div><\/div> <\/div>","protected":false},"excerpt":{"rendered":"","protected":false},"author":1,"featured_media":0,"parent":0,"menu_order":0,"comment_status":"closed","ping_status":"closed","template":"","meta":{"_acf_changed":false,"inline_featured_image":false,"footnotes":""},"class_list":["post-1800","page","type-page","status-publish","hentry"],"acf":[],"yoast_head":"<!-- This site is optimized with the Yoast SEO plugin v27.5 - https:\/\/yoast.com\/product\/yoast-seo-wordpress\/ -->\n<title>Boka bostad - St J\u00f6rgen<\/title>\n<meta name=\"robots\" content=\"index, follow, max-snippet:-1, max-image-preview:large, max-video-preview:-1\" \/>\n<link rel=\"canonical\" href=\"https:\/\/www.hokerumbygg.se\/st-jorgen\/boka-bostad\/\" \/>\n<meta property=\"og:locale\" content=\"sv_SE\" \/>\n<meta property=\"og:type\" content=\"article\" \/>\n<meta property=\"og:title\" content=\"Boka bostad - St J\u00f6rgen\" \/>\n<meta property=\"og:url\" content=\"https:\/\/www.hokerumbygg.se\/st-jorgen\/boka-bostad\/\" \/>\n<meta property=\"og:site_name\" content=\"St J\u00f6rgen\" \/>\n<meta property=\"article:modified_time\" content=\"2025-06-05T09:55:57+00:00\" \/>\n<meta name=\"twitter:card\" content=\"summary_large_image\" \/>\n<script type=\"application\/ld+json\" class=\"yoast-schema-graph\">{\"@context\":\"https:\\\/\\\/schema.org\",\"@graph\":[{\"@type\":\"WebPage\",\"@id\":\"https:\\\/\\\/www.hokerumbygg.se\\\/st-jorgen\\\/boka-bostad\\\/\",\"url\":\"https:\\\/\\\/www.hokerumbygg.se\\\/st-jorgen\\\/boka-bostad\\\/\",\"name\":\"Boka bostad - St J\u00f6rgen\",\"isPartOf\":{\"@id\":\"https:\\\/\\\/www.hokerumbygg.se\\\/st-jorgen\\\/#website\"},\"datePublished\":\"2025-06-05T08:36:19+00:00\",\"dateModified\":\"2025-06-05T09:55:57+00:00\",\"breadcrumb\":{\"@id\":\"https:\\\/\\\/www.hokerumbygg.se\\\/st-jorgen\\\/boka-bostad\\\/#breadcrumb\"},\"inLanguage\":\"sv-SE\",\"potentialAction\":[{\"@type\":\"ReadAction\",\"target\":[\"https:\\\/\\\/www.hokerumbygg.se\\\/st-jorgen\\\/boka-bostad\\\/\"]}]},{\"@type\":\"BreadcrumbList\",\"@id\":\"https:\\\/\\\/www.hokerumbygg.se\\\/st-jorgen\\\/boka-bostad\\\/#breadcrumb\",\"itemListElement\":[{\"@type\":\"ListItem\",\"position\":1,\"name\":\"St J\u00f6rgen\",\"item\":\"https:\\\/\\\/www.hokerumbygg.se\\\/st-jorgen\\\/\"},{\"@type\":\"ListItem\",\"position\":2,\"name\":\"Boka bostad\"}]},{\"@type\":\"WebSite\",\"@id\":\"https:\\\/\\\/www.hokerumbygg.se\\\/st-jorgen\\\/#website\",\"url\":\"https:\\\/\\\/www.hokerumbygg.se\\\/st-jorgen\\\/\",\"name\":\"St J\u00f6rgen\",\"description\":\"\",\"potentialAction\":[{\"@type\":\"SearchAction\",\"target\":{\"@type\":\"EntryPoint\",\"urlTemplate\":\"https:\\\/\\\/www.hokerumbygg.se\\\/st-jorgen\\\/?s={search_term_string}\"},\"query-input\":{\"@type\":\"PropertyValueSpecification\",\"valueRequired\":true,\"valueName\":\"search_term_string\"}}],\"inLanguage\":\"sv-SE\"}]}<\/script>\n<!-- \/ Yoast SEO plugin. -->","yoast_head_json":{"title":"Boka bostad - St J\u00f6rgen","robots":{"index":"index","follow":"follow","max-snippet":"max-snippet:-1","max-image-preview":"max-image-preview:large","max-video-preview":"max-video-preview:-1"},"canonical":"https:\/\/www.hokerumbygg.se\/st-jorgen\/boka-bostad\/","og_locale":"sv_SE","og_type":"article","og_title":"Boka bostad - St J\u00f6rgen","og_url":"https:\/\/www.hokerumbygg.se\/st-jorgen\/boka-bostad\/","og_site_name":"St J\u00f6rgen","article_modified_time":"2025-06-05T09:55:57+00:00","twitter_card":"summary_large_image","schema":{"@context":"https:\/\/schema.org","@graph":[{"@type":"WebPage","@id":"https:\/\/www.hokerumbygg.se\/st-jorgen\/boka-bostad\/","url":"https:\/\/www.hokerumbygg.se\/st-jorgen\/boka-bostad\/","name":"Boka bostad - St J\u00f6rgen","isPartOf":{"@id":"https:\/\/www.hokerumbygg.se\/st-jorgen\/#website"},"datePublished":"2025-06-05T08:36:19+00:00","dateModified":"2025-06-05T09:55:57+00:00","breadcrumb":{"@id":"https:\/\/www.hokerumbygg.se\/st-jorgen\/boka-bostad\/#breadcrumb"},"inLanguage":"sv-SE","potentialAction":[{"@type":"ReadAction","target":["https:\/\/www.hokerumbygg.se\/st-jorgen\/boka-bostad\/"]}]},{"@type":"BreadcrumbList","@id":"https:\/\/www.hokerumbygg.se\/st-jorgen\/boka-bostad\/#breadcrumb","itemListElement":[{"@type":"ListItem","position":1,"name":"St J\u00f6rgen","item":"https:\/\/www.hokerumbygg.se\/st-jorgen\/"},{"@type":"ListItem","position":2,"name":"Boka bostad"}]},{"@type":"WebSite","@id":"https:\/\/www.hokerumbygg.se\/st-jorgen\/#website","url":"https:\/\/www.hokerumbygg.se\/st-jorgen\/","name":"St J\u00f6rgen","description":"","potentialAction":[{"@type":"SearchAction","target":{"@type":"EntryPoint","urlTemplate":"https:\/\/www.hokerumbygg.se\/st-jorgen\/?s={search_term_string}"},"query-input":{"@type":"PropertyValueSpecification","valueRequired":true,"valueName":"search_term_string"}}],"inLanguage":"sv-SE"}]}},"_links":{"self":[{"href":"https:\/\/www.hokerumbygg.se\/st-jorgen\/wp-json\/wp\/v2\/pages\/1800","targetHints":{"allow":["GET"]}}],"collection":[{"href":"https:\/\/www.hokerumbygg.se\/st-jorgen\/wp-json\/wp\/v2\/pages"}],"about":[{"href":"https:\/\/www.hokerumbygg.se\/st-jorgen\/wp-json\/wp\/v2\/types\/page"}],"author":[{"embeddable":true,"href":"https:\/\/www.hokerumbygg.se\/st-jorgen\/wp-json\/wp\/v2\/users\/1"}],"replies":[{"embeddable":true,"href":"https:\/\/www.hokerumbygg.se\/st-jorgen\/wp-json\/wp\/v2\/comments?post=1800"}],"version-history":[{"count":3,"href":"https:\/\/www.hokerumbygg.se\/st-jorgen\/wp-json\/wp\/v2\/pages\/1800\/revisions"}],"predecessor-version":[{"id":1804,"href":"https:\/\/www.hokerumbygg.se\/st-jorgen\/wp-json\/wp\/v2\/pages\/1800\/revisions\/1804"}],"wp:attachment":[{"href":"https:\/\/www.hokerumbygg.se\/st-jorgen\/wp-json\/wp\/v2\/media?parent=1800"}],"curies":[{"name":"wp","href":"https:\/\/api.w.org\/{rel}","templated":true}]}}